{"id":1410,"date":"2022-02-03T14:48:43","date_gmt":"2022-02-03T13:48:43","guid":{"rendered":"http:\/\/Guillaume"},"modified":"2022-02-06T15:04:48","modified_gmt":"2022-02-06T14:04:48","slug":"gods-plan","status":"publish","type":"product","link":"https:\/\/www.hbking.fr\/index.php\/produit\/gods-plan\/","title":{"rendered":"God&#8217;s Art"},"content":{"rendered":"<p>Il s\u2019agit d\u2019un album concept de 12 chansons e\u0301crites et enregistre\u0301es dans plusieurs pays (Canada, France, Guyane) durant 3 anne\u0301es de recherches et produit par l\u2019artiste lui-<\/p>\n<p>me\u0302me sous son label Bertha Entertainment. L\u2019album fait suite a\u0300 Life &#8211; EP (2018) qui de\u0301ja\u0300 amorc\u0327ait un virage dans la carrie\u0300re de HB KING.<\/p>\n<p>Alors en pleine maturite\u0301, cet album marque le tournant spirituel de HB KING, par sa profonde se\u0301re\u0301nite\u0301, tel une ode a\u0300 sa foi et a\u0300 Dieu. Les e\u0301le\u0301ments de liberte\u0301 harmoniquesjazz et d\u2019exploration d\u2019instruments de musiques actuelles sont pre\u0301curseurs des changements dans la musique de HB KING. Il exprime l\u2019inquie\u0301tude, la tension, l\u2019exaltation et de l\u2019apaisement.<\/p>\n","protected":false},"excerpt":{"rendered":"<p>Cet album marque le tournant spirituel de HB KING, par sa profonde s\u00e9r\u00e9nit\u00e9, tel une ode \u00e0 sa foi et \u00e0 Dieu. Les \u00e9l\u00e9ments de libert\u00e9 harmoniquesjazz et d\u2019exploration d\u2019instruments de musiques actuelles sont pr\u00e9curseurs des changements dans la musique de HB KING. Il exprime l\u2019inqui\u00e9tude, la tension, l\u2019exaltation et de l\u2019apaisement.<\/p>\n","protected":false},"featured_media":1503,"comment_status":"open","ping_status":"closed","template":"","meta":[],"product_cat":[26],"product_tag":[],"class_list":["post-1410","product","type-product","status-publish","has-post-thumbnail","hentry","product_cat-uncategorized"],"_links":{"self":[{"href":"https:\/\/www.hbking.fr\/index.php\/wp-json\/wp\/v2\/product\/1410","targetHints":{"allow":["GET"]}}],"collection":[{"href":"https:\/\/www.hbking.fr\/index.php\/wp-json\/wp\/v2\/product"}],"about":[{"href":"https:\/\/www.hbking.fr\/index.php\/wp-json\/wp\/v2\/types\/product"}],"replies":[{"embeddable":true,"href":"https:\/\/www.hbking.fr\/index.php\/wp-json\/wp\/v2\/comments?post=1410"}],"version-history":[{"count":2,"href":"https:\/\/www.hbking.fr\/index.php\/wp-json\/wp\/v2\/product\/1410\/revisions"}],"predecessor-version":[{"id":1509,"href":"https:\/\/www.hbking.fr\/index.php\/wp-json\/wp\/v2\/product\/1410\/revisions\/1509"}],"wp:featuredmedia":[{"embeddable":true,"href":"https:\/\/www.hbking.fr\/index.php\/wp-json\/wp\/v2\/media\/1503"}],"wp:attachment":[{"href":"https:\/\/www.hbking.fr\/index.php\/wp-json\/wp\/v2\/media?parent=1410"}],"wp:term":[{"taxonomy":"product_cat","embeddable":true,"href":"https:\/\/www.hbking.fr\/index.php\/wp-json\/wp\/v2\/product_cat?post=1410"},{"taxonomy":"product_tag","embeddable":true,"href":"https:\/\/www.hbking.fr\/index.php\/wp-json\/wp\/v2\/product_tag?post=1410"}],"curies":[{"name":"wp","href":"https:\/\/api.w.org\/{rel}","templated":true}]}}